{"id":24,"date":"2017-01-28T21:24:10","date_gmt":"2017-01-28T20:24:10","guid":{"rendered":"http:\/\/fotografie-u-m.de\/?page_id=24"},"modified":"2019-12-31T14:13:33","modified_gmt":"2019-12-31T13:13:33","slug":"fotografie","status":"publish","type":"page","link":"http:\/\/fotografie-u-m.de\/?page_id=24","title":{"rendered":"fotografie"},"content":{"rendered":"<p>&#8230;<\/p>\n<p>Die Intensit\u00e4t des Bildes entspricht exakt\u00a0seiner Ablehnung des Realen, seiner Erfindung einer anderen Szene. Aus einem Objekt ein Bild zu machen hei\u00dft, all seine Dimensionen nach und nach zu entfernen: das Gewicht, die R\u00e4umlichkeit, den Duft, die Tiefe, die Zeit, die Kontinuit\u00e4t und nat\u00fcrlich den Sinn. Nur um den Preis der Reinkarnation gewinnt das Bild diese Kraft der Faszination, wird es Medium der reinen Objekthaftigkeit, wird es durchl\u00e4ssig f\u00fcr eine subtilere Art der Verf\u00fchrung. Die Lust zu fotografieren kommt vielleicht von dieser Feststellung. Aus einer allgemeinen Perspektive gesehen, einer Perspektive des Sinnes, ist die Welt ziemlich entt\u00e4uschend. Im Detail gesehen und gewisserma\u00dfen \u00fcberrumpelt ist sie immer von einer perfekten Evidenz.<\/p>\n<p>\/\/ Jean Baudrillard, aus &#8222;denn die Illusion steht nicht im Widerspruch zur Realit\u00e4t&#8220;<\/p>\n<p>&#8230;<\/p>\n<div id=\"a1.1.12.4:TitleLbl\" class=\"CT Label ABS gqj81muo j58j84g7 _FL\" data-p=\",,40,,,0,,,560,,,-1,\"><span id=\"a1.1.12.4:TitleLbl_Lbl\" class=\"Lbl\">&#8222;I only know how to approach a place by walking. For what does a street photographer do but walk and watch and wait and talk, and then watch and wait some more, trying to remain confident that the unexpected, the unknown, or the secret heart of the known awaits just around the corner.&#8220;<\/span><\/div>\n<div data-p=\",,40,,,0,,,560,,,-1,\"><\/div>\n<div data-p=\",,40,,,0,,,560,,,-1,\"><\/div>\n<div class=\"CT Label ABS gqj81muo j58j84g7 _FL\" data-p=\",,40,,,0,,,560,,,-1,\">\/\/ Alex Webb, aus &#8222;Under a Grudging Sun&#8220;<\/div>\n<div data-p=\",,40,,,0,,,560,,,-1,\"><\/div>\n<div data-p=\",,40,,,0,,,560,,,-1,\"><\/div>\n<div data-p=\",,40,,,0,,,560,,,-1,\"><\/div>\n<div data-p=\",,40,,,0,,,560,,,-1,\"><\/div>\n<div data-p=\",,40,,,0,,,560,,,-1,\">&#8230;<\/div>\n<div data-p=\",,40,,,0,,,560,,,-1,\">\n<p>&#8222;Sch\u00f6nheit ist dann am wirkungsvollsten, wenn Sie H\u00e4sslichkeit reflektiert&#8220;<\/p>\n<p>\/\/ Richard Misrach<\/p>\n<\/div>\n","protected":false},"excerpt":{"rendered":"<p>&#8230; Die Intensit\u00e4t des Bildes entspricht exakt\u00a0seiner Ablehnung des Realen, seiner Erfindung einer anderen Szene. Aus einem Objekt ein Bild zu machen hei\u00dft, all seine&#8230;<\/p>\n<div class=\"more-link-wrapper\"><a class=\"more-link\" href=\"http:\/\/fotografie-u-m.de\/?page_id=24\">Weiterlesen<span class=\"screen-reader-text\">fotografie<\/span><\/a><\/div>\n","protected":false},"author":1,"featured_media":0,"parent":0,"menu_order":0,"comment_status":"closed","ping_status":"closed","template":"","meta":{"footnotes":""},"class_list":["post-24","page","type-page","status-publish","hentry","entry"],"_links":{"self":[{"href":"http:\/\/fotografie-u-m.de\/index.php?rest_route=\/wp\/v2\/pages\/24","targetHints":{"allow":["GET"]}}],"collection":[{"href":"http:\/\/fotografie-u-m.de\/index.php?rest_route=\/wp\/v2\/pages"}],"about":[{"href":"http:\/\/fotografie-u-m.de\/index.php?rest_route=\/wp\/v2\/types\/page"}],"author":[{"embeddable":true,"href":"http:\/\/fotografie-u-m.de\/index.php?rest_route=\/wp\/v2\/users\/1"}],"replies":[{"embeddable":true,"href":"http:\/\/fotografie-u-m.de\/index.php?rest_route=%2Fwp%2Fv2%2Fcomments&post=24"}],"version-history":[{"count":21,"href":"http:\/\/fotografie-u-m.de\/index.php?rest_route=\/wp\/v2\/pages\/24\/revisions"}],"predecessor-version":[{"id":820,"href":"http:\/\/fotografie-u-m.de\/index.php?rest_route=\/wp\/v2\/pages\/24\/revisions\/820"}],"wp:attachment":[{"href":"http:\/\/fotografie-u-m.de\/index.php?rest_route=%2Fwp%2Fv2%2Fmedia&parent=24"}],"curies":[{"name":"wp","href":"https:\/\/api.w.org\/{rel}","templated":true}]}}