{"id":57,"date":"2017-01-28T23:01:39","date_gmt":"2017-01-28T22:01:39","guid":{"rendered":"http:\/\/fotografie-u-m.de\/?page_id=57"},"modified":"2018-11-03T18:42:04","modified_gmt":"2018-11-03T17:42:04","slug":"impressum-agb","status":"publish","type":"page","link":"http:\/\/fotografie-u-m.de\/?page_id=57","title":{"rendered":"Impressum \/ agb"},"content":{"rendered":"<h6><span style=\"color: #999999;\">Ursula S. Mueller<\/span><br \/>\n<span style=\"color: #999999;\">Fortstr. 10,\u00a0<\/span><span style=\"color: #999999;\">76829 Landau i.d. Pfalz<\/span><br \/>\n<span style=\"color: #999999;\">mobil. 01520 \u2013 2332288<\/span><br \/>\n<span style=\"color: #999999;\"> Steuernummer 16\/226\/4178\/2<\/span><\/h6>\n<h6><span style=\"color: #999999;\">Berufsaufsichtsbeh\u00f6rde Gewerbeerlaubnis gem. \u00a734 c GewO erteilt von der Gemeindeverwaltung R\u00fclzheim<\/span><\/h6>\n<h6><span style=\"color: #999999;\">HAFTUNGSAUSSCHLUSS<\/span><\/h6>\n<h6><span style=\"color: #999999;\">1. Inhalt des Onlineangebotes:<\/span><br \/>\n<span style=\"color: #999999;\"> Der Autor \u00fcbernimmt keinerlei Gew\u00e4hr f\u00fcr die Aktualit\u00e4t, Korrektheit, Vollst\u00e4ndigkeit oder Qualit\u00e4t der bereitgestellten Informationen. Haftungsanspr\u00fcche gegen den Autor, welche sich auf Sch\u00e4den materieller oder ideeller Art beziehen, die durch die Nutzung oder Nichtnutzung der dargebotenen Informationen bzw. durch die Nutzung fehlerhafter und unvollst\u00e4ndiger Informationen verursacht wurden sind grunds\u00e4tzlich ausgeschlossen, sofern seitens des Autors kein nachweislich vors\u00e4tzliches oder grob fahrl\u00e4ssiges Verschulden vorliegt. Alle Angebote sind freibleibend und unverbindlich. Der Autor beh\u00e4lt es sich ausdr\u00fccklich vor, Teile der Seiten oder das gesamte Angebot ohne gesonderte Ank\u00fcndigung zu ver\u00e4ndern, zu erg\u00e4nzen, zu l\u00f6schen oder die Ver\u00f6ffentlichung zeitweise oder endg\u00fcltig einzustellen.<\/span><\/h6>\n<h6><span style=\"color: #999999;\">2. Verweise und Links:<\/span><br \/>\n<span style=\"color: #999999;\"> Bei direkten oder indirekten Verweisen auf fremde Internetseiten (\u201eLinks\u201c), die au\u00dferhalb des Verantwortungsbereiches des Autors liegen, w\u00fcrde eine Haftungsverpflichtung ausschlie\u00dflich in dem Fall in Kraft treten, in dem der Autor von den Inhalten Kenntnis hat und es ihm technisch m\u00f6glich und zumutbar w\u00e4re, die Nutzung im Falle rechtswidriger Inhalte zu verhindern. Der Autor erkl\u00e4rt daher ausdr\u00fccklich, dass zum Zeitpunkt der Linksetzung die entsprechenden verlinkten Seiten frei von illegalen Inhalten waren. Der Autor hat keinerlei Einfluss auf die aktuelle und zuk\u00fcnftige Gestaltung und auf die Inhalte der gelinkten\/verkn\u00fcpften Seiten. Deshalb distanziert er sich hiermit ausdr\u00fccklich von allen Inhalten aller gelinkten \/verkn\u00fcpften Seiten, die nach der Linksetzung ver\u00e4ndert wurden. Diese Feststellung gilt f\u00fcr alle innerhalb des eigenen Internetangebotes gesetzten Links und Verweise sowie f\u00fcr Fremdeintr\u00e4ge in vom Autor eingerichteten G\u00e4steb\u00fcchern, Diskussionsforen und Mailinglisten. F\u00fcr illegale, fehlerhafte oder unvollst\u00e4ndige Inhalte und insbesondere f\u00fcr Sch\u00e4den, die aus der Nutzung oder Nichtnutzung solcherart dargebotener Informationen entstehen, haftet allein der Anbieter der Seite, auf welche verwiesen wurde, nicht derjenige, der \u00fcber Links auf die jeweilige Ver\u00f6ffentlichung lediglich verweist.<\/span><\/h6>\n<h6><span style=\"color: #999999;\">3. Urheber- und Kennzeichenrecht:<\/span><br \/>\n<span style=\"color: #999999;\"> Der Autor ist bestrebt, in allen Publikationen die Urheberrechte der verwendeten Grafiken, Tondokumente, Videosequenzen und Texte zu beachten, von ihm selbst erstellte Grafiken, Tondokumente, Videosequenzen und Texte zu nutzen oder auf lizenzfreie Grafiken, Tondokumente, Videosequenzen und Texte zur\u00fcckzugreifen. Alle innerhalb des Internetangebotes genannten und ggf. durch Dritte gesch\u00fctzten Marken- und Warenzeichen unterliegen uneingeschr\u00e4nkt den Bestimmungen des jeweils g\u00fcltigen Kennzeichenrechts und den Besitzrechten der jeweiligen eingetragenen Eigent\u00fcmer. Allein aufgrund der blo\u00dfen Nennung ist nicht der Schlu\u00df zu ziehen, dass Markenzeichen nicht durch Rechte Dritter gesch\u00fctzt sind! Das Copyright f\u00fcr ver\u00f6ffentlichte, vom Autor selbst erstellte Objekte bleibt allein beim Autor der Seiten. Eine Vervielf\u00e4ltigung oder Verwendung solcher Grafiken, Tondokumente, Videosequenzen und Texte in anderen elektronischen oder gedruckten Publikationen ist ohne ausdr\u00fcckliche Zustimmung des Autors nicht gestattet.<\/span><\/h6>\n<h6><span style=\"color: #999999;\">4. Datenschutz:<\/span><br \/>\n<span style=\"color: #999999;\"> Sofern innerhalb des Internetangebotes die M\u00f6glichkeit zur Eingabe pers\u00f6nlicher oder gesch\u00e4ftlicher Daten (Emailadressen, Namen, Anschriften) besteht, so erfolgt die Preisgabe dieser Daten seitens des Nutzers auf ausdr\u00fccklich freiwilliger Basis. Die Inanspruchnahme und Bezahlung aller angebotenen Dienste ist \u2013 soweit technisch m\u00f6glich und zumutbar \u2013 auch ohne Angabe solcher Daten bzw. unter Angabe anonymisierter Daten oder eines Pseudonyms gestattet. 5. Rechtswirksamkeit dieses Haftungsausschlusses: Dieser Haftungsausschluss ist als Teil des Internetangebotes zu betrachten, von dem aus auf diese Seite verwiesen wurde. Sofern Teile oder einzelne Formulierungen dieses Textes der geltenden Rechtslage nicht, nicht mehr oder nicht vollst\u00e4ndig entsprechen sollten, bleiben die \u00fcbrigen Teile des Dokumentes in ihrem Inhalt und ihrer G\u00fcltigkeit davon unber\u00fchrt.<\/span><\/h6>\n<h6><span style=\"color: #999999;\">\u00a0<\/span><\/h6>\n<h6><span style=\"color: #999999;\">ALLGEMEINE GESCH\u00c4FTSBEDINGUNGEN<\/span><\/h6>\n<h6><span style=\"color: #999999;\">1. Wir bem\u00fchen uns, alle Angaben so vollst\u00e4ndig und richtig wie m\u00f6glich zu machen. Da wir uns hierbei auf die Informationen unserer Auftraggeber st\u00fctzen m\u00fcssen, k\u00f6nnen wir daf\u00fcr keine Gew\u00e4hr \u00fcbernehmen. Unsere Angebote sind freibleibend; Zwischenverkauf,- vermietung bzw. \u2013 verpach- tung bleiben vorbehalten.<\/span><\/h6>\n<h6><span style=\"color: #999999;\">2. Unsere Angebote und Mitteilungen sind nur f\u00fcr den Empf\u00e4nger \/ Adressaten selbst bestimmt. Sie sind vertraulich zu behandeln und d\u00fcrfen Dritten nicht zug\u00e4nglich gemacht werden. Kommt infolge unbefugter Weitergabe ein Vertrag zustande, so ist unser Auftraggeber verpflichtet, uns Schadener- satz in Gestalt der Provision zu zahlen, die uns dabei entgangen ist.<\/span><\/h6>\n<h6><span style=\"color: #999999;\">3. Der Empf\u00e4nger ist verpflichtet, uns sofort als nachweisende Firma zu nennen, sobald er mit dem Verk\u00e4ufer bzw. Vermieter in Verbindung tritt.<\/span><\/h6>\n<h6><span style=\"color: #999999;\">4. Ist dem Empf\u00e4nger, die durch uns nachgewiesene Gelegenheit zum Abschluss eines Vertrages bereits bekannt, so hat er uns dies so schnell wie m\u00f6glich mitzuteilen und auf Verlangen auch zu belegen.<\/span><\/h6>\n<h6><span style=\"color: #999999;\">5. Unser Provisionsanspruch entsteht, sobald aufgrund unseres Nachweises oder unserer Vermittlung ein Vertrag zustandekommt. Darauf gr\u00fcndet sich die Verpflichtung, uns unverz\u00fcglich Mitteilung zu machen, wenn und ggf. zu welchen Bedingungen \u00fcber ein von uns angebotenes Objekt ein Vertrag zustandekommen ist.<\/span><\/h6>\n<h6><span style=\"color: #999999;\">6. Die Provision betr\u00e4gt incl. Mehrwertsteuer: 3,57 % des Kaufpreises. Die Provision entsteht auch, wenn der Vertrag zu Bedingungen abgeschlossen wird, die vom An- gebot abweichen oder der angestrebte wirtschaftliche Erfolg durch einen Vertrag \u00fcber ein anderes Objekt des von uns nachgewiesenen Vertragspartners erreicht wird und wenn und soweit im zeitli- chen und wirtschaftlichen Zusammenhang mit einem ersten Vertrag vertragliche Erweiterungen und Erg\u00e4nzungen zustandekommen.<\/span><\/h6>\n<h6><span style=\"color: #999999;\">7. Der Anspruch auf Maklergeb\u00fchr bleibt bestehen, wenn der zustandegekommene Vertrag aufgrund aufl\u00f6sender Bedingungen erlischt oder aufgrund eines R\u00fccktrittsvorbehalts des Kunden oder aus anderen in seiner Person liegenden Gr\u00fcnden r\u00fcckg\u00e4ngig gemacht oder nicht erf\u00fcllt wird. Wird der Vertrag erfolgreich angefochten, so bleibt der Anspruch gegen\u00fcber dem Vertragsteil bestehen, der den Anfechtungsgrund gesetzt hat.<\/span><\/h6>\n<h6><span style=\"color: #999999;\">8. Erf\u00fcllungsort und Gerichtsstand \u2013 soweit gesetzlich zul\u00e4ssig \u2013 ist 76726 Germersheim.<\/span><\/h6>\n<h6><span style=\"color: #999999;\">\u00a0<\/span><\/h6>\n<h6><span style=\"color: #999999;\">WIDERRUFSRECHT<\/span><\/h6>\n<h6><span style=\"color: #999999;\">Sie haben das Recht, binnen vierzehn Tagen ohne Angabe von Gr\u00fcnden diesen Vertrag zu wi- derrufen. Die Widerrufsfrist betr\u00e4gt vierzehn Tage ab dem Tag des Vertragsabschlusses. Um Ihr Widerrufsrecht auszu\u00fcben, m\u00fcssen Sie uns<\/span><\/h6>\n<h6><span style=\"color: #999999;\">Frau Ursula S. Mueller<\/span><br \/>\n<span style=\"color: #999999;\"> W\u00f6rthstrasse 35<\/span><br \/>\n<span style=\"color: #999999;\"> 76771 H\u00f6rdt<\/span><\/h6>\n<h6><span style=\"color: #999999;\">mittels einer eindeutigen Erkl\u00e4rung (z. B. ein mit der Post versandter Brief, Telefax oder E-Mail) \u00fcber Ihren Entschluss, diesen Vertrag zu widerrufen, informieren. Sie k\u00f6nnen daf\u00fcr das beige- f\u00fcgte Muster-Widerrufsformular verwenden, das jedoch nicht vorgeschrieben ist. Zur Wahrung der Widerrufsfrist reicht es aus, dass Sie die Mitteilung \u00fcber die Aus\u00fcbung des Widerrufsrechts vor Ablauf der Widerrufsfrist absenden.<\/span><\/h6>\n<h6><span style=\"color: #999999;\">Folgen des Widerrufs<\/span><\/h6>\n<h6><span style=\"color: #999999;\">Wenn Sie diesen Vertrag widerrufen, haben wir Ihnen alle Zahlungen, die wir von Ihnen erhalten haben, einschlie\u00dflich der Lieferkosten (mit Ausnahme der zus\u00e4tzlichen Kosten, die sich daraus ergeben, dass Sie eine andere Art der Lieferung als die von uns angebotene, g\u00fcnstigste Stan- dardlieferung gew\u00e4hlt haben), unverz\u00fcglich und sp\u00e4testens binnen vierzehn Tagen ab dem Tag zur\u00fcckzuzahlen, an dem die Mitteilung \u00fcber Ihren Widerruf dieses Vertrags bei uns eingegangen ist. F\u00fcr diese R\u00fcckzahlung verwenden wir dasselbe Zahlungsmittel, das Sie bei der urspr\u00fcnglichen Transaktion eingesetzt haben, es sei denn, mit Ihnen wurde ausdr\u00fccklich etwas anderes verein- bart; in keinem Fall werden Ihnen wegen dieser R\u00fcckzahlung Entgelte berechnet.<\/span><br \/>\n<span style=\"color: #999999;\"> Haben Sie verlangt, dass die Dienstleistungen w\u00e4hrend der Widerrufsfrist beginnen soll, so haben Sie uns einen an- gemessenen Betrag zu zahlen, der dem Anteil der bis zu dem Zeitpunkt, zu dem Sie uns von der Aus\u00fcbung des Wider- rufsrechts hinsichtlich dieses Vertrags unterrichten, be- reits erbrachten Dienstleistungen im Vergleich zum Gesamtumfang der im Vertrag vorgesehenen Dienstleistungen entspricht.<\/span><\/h6>\n<h6><span style=\"color: #999999;\">H.inweis auf die M\u00f6glichkeit eines vorzeitigen Erl\u00f6schens des Widerrufsrechts<\/span><\/h6>\n<h6><span style=\"color: #999999;\">Ihr Widerrufsrecht erlischt, wenn wir unsere Leistung vollst\u00e4ndig erbracht haben und mit der Ausf\u00fchrung der Leistung erst begonnen haben, nachdem Sie Ihre ausdr\u00fcckliche Zustimmung gegeben haben und gleichzeitig Ihre Kenntnis da- von best\u00e4tigt haben, dass Sie Ihr Widerrufsrecht bei vollst\u00e4ndiger Vertragserf\u00fcllung durch uns verlieren.<\/span><\/h6>\n<h6><span style=\"color: #999999;\">\u00a0<\/span><\/h6>\n<h6><span style=\"color: #999999;\">Ursula S. Mueller, Ust-IdNr.: DE174939129<\/span><\/h6>\n","protected":false},"excerpt":{"rendered":"<p>Ursula S. Mueller Fortstr. 10,\u00a076829 Landau i.d. Pfalz mobil. 01520 \u2013 2332288 Steuernummer 16\/226\/4178\/2 Berufsaufsichtsbeh\u00f6rde Gewerbeerlaubnis gem. \u00a734 c GewO erteilt von der Gemeindeverwaltung R\u00fclzheim&#8230;<\/p>\n<div class=\"more-link-wrapper\"><a class=\"more-link\" href=\"http:\/\/fotografie-u-m.de\/?page_id=57\">Weiterlesen<span class=\"screen-reader-text\">Impressum \/ agb<\/span><\/a><\/div>\n","protected":false},"author":1,"featured_media":0,"parent":0,"menu_order":0,"comment_status":"closed","ping_status":"closed","template":"","meta":{"footnotes":""},"class_list":["post-57","page","type-page","status-publish","hentry","entry"],"_links":{"self":[{"href":"http:\/\/fotografie-u-m.de\/index.php?rest_route=\/wp\/v2\/pages\/57","targetHints":{"allow":["GET"]}}],"collection":[{"href":"http:\/\/fotografie-u-m.de\/index.php?rest_route=\/wp\/v2\/pages"}],"about":[{"href":"http:\/\/fotografie-u-m.de\/index.php?rest_route=\/wp\/v2\/types\/page"}],"author":[{"embeddable":true,"href":"http:\/\/fotografie-u-m.de\/index.php?rest_route=\/wp\/v2\/users\/1"}],"replies":[{"embeddable":true,"href":"http:\/\/fotografie-u-m.de\/index.php?rest_route=%2Fwp%2Fv2%2Fcomments&post=57"}],"version-history":[{"count":7,"href":"http:\/\/fotografie-u-m.de\/index.php?rest_route=\/wp\/v2\/pages\/57\/revisions"}],"predecessor-version":[{"id":264,"href":"http:\/\/fotografie-u-m.de\/index.php?rest_route=\/wp\/v2\/pages\/57\/revisions\/264"}],"wp:attachment":[{"href":"http:\/\/fotografie-u-m.de\/index.php?rest_route=%2Fwp%2Fv2%2Fmedia&parent=57"}],"curies":[{"name":"wp","href":"https:\/\/api.w.org\/{rel}","templated":true}]}}